{"id":1108,"date":"2021-01-13T08:35:51","date_gmt":"2021-01-13T08:35:51","guid":{"rendered":"http:\/\/grundschule-reichenschwand.de\/?page_id=1108"},"modified":"2021-04-14T09:28:22","modified_gmt":"2021-04-14T09:28:22","slug":"2020-wir-sind-wieder-als-umweltschule-ausgezeichnet-worden","status":"publish","type":"page","link":"https:\/\/grundschule-reichenschwand.de\/?page_id=1108","title":{"rendered":"2020: Wir sind wieder als Umweltschule ausgezeichnet worden!"},"content":{"rendered":"<p><strong>Wir sind wieder Umweltschule<\/strong><strong><img loading=\"lazy\" decoding=\"async\" class=\"alignnone size-medium wp-image-833\" src=\"https:\/\/grundschule-reichenschwand.de\/wp-content\/uploads\/2020\/03\/SiegelUmweltschule-300x200.jpg\" alt=\"\" width=\"300\" height=\"200\" srcset=\"https:\/\/grundschule-reichenschwand.de\/wp-content\/uploads\/2020\/03\/SiegelUmweltschule-300x200.jpg 300w, https:\/\/grundschule-reichenschwand.de\/wp-content\/uploads\/2020\/03\/SiegelUmweltschule-768x512.jpg 768w, https:\/\/grundschule-reichenschwand.de\/wp-content\/uploads\/2020\/03\/SiegelUmweltschule-1024x682.jpg 1024w, https:\/\/grundschule-reichenschwand.de\/wp-content\/uploads\/2020\/03\/SiegelUmweltschule.jpg 2000w\" sizes=\"auto, (max-width: 300px) 100vw, 300px\" \/><\/strong><\/p>\n<p><u>Corona kann das Engagement der Kinder nicht aufhalten<\/u><\/p>\n<p>Die Grundschule Reichenschwand nahm trotz durch Corona bedingter Einschr\u00e4nkungen auch im vergangenen Schuljahr 2019\/20 wieder an der Ausschreibung \u201eUmweltschule in Europa \/ Internationale Nachhaltigkeitsschule\u201c teil und darf den Titel nun schon seit 10 Jahren f\u00fchren.<\/p>\n<p>Die Schulgemeinschaft besch\u00e4ftigte sich schwerpunktm\u00e4\u00dfig mit dem Klimaschutz und der Biologischen Vielfalt in der Schulumgebung.<\/p>\n<p>Die Sch\u00fclerInnen organisierten als Ma\u00dfnahme zum Klimaschutz eine<\/p>\n<p>Upcycling- Materialsammlung f\u00fcr eine Behindertenwerkst\u00e4tte.<\/p>\n<p>Urspr\u00fcnglich war angedacht, das Konsumverhalten dem Klima zuliebe zu hinterfragen, zu \u00e4ndern und zu beeinflussen, z. B bei Wasch- und Putzmitteln und Kosmetika: Selbst gemacht aus nat\u00fcrlichen Materialien \u2013 Bienenwachs aus eigener Produktion.<\/p>\n<p>Die \u00dcberlegungen waren noch im Gange, da kam Corona und geplante Referenten und Unterrichtsg\u00e4nge fielen aus.<\/p>\n<p>Im Vorfeld besuchte uns der Sohn unserer WG-Kollegin f\u00fcr einen Vormittag in der Grundschule. Er wohnt im M\u00fcnzinghof und arbeitet dort in den Werkst\u00e4tten. Unsere Sch\u00fcler fanden die Begegnung sehr interessant und wollten mehr \u00fcber Simon und seinen Arbeitsplatz erfahren. So entstand die Idee, die Werkst\u00e4tte mit Lieferungen von leeren WC Rollen zu unterst\u00fctzen. Toilettenpapier war coronabedingt ausverkauft und somit sehr wertvoll. Der Aufruf dazu und weitere Infos wurden \u00fcber ESIS an alle Familien herangetragen. Die Kinder brachten mit Abgabe ihrer Wochenarbeiten die leeren Rollen mit zur Schule und warfen diese in bereitstehende Kiste.<\/p>\n<p>Die Kinder der Notgruppe f\u00fcllten den Kisteninhalt w\u00f6chentlich in gro\u00dfe S\u00e4cke. So wurde optisch sichtbar, wie gro\u00df der Verbrauch von Papier, das einmal benutzt und dann verschwindet, in einer Woche\/in einem Monat ist. Die \u00dcbergabe erfolgte durch unsere Kollegin an unseren \u201eKontaktmann\u201c Simon, der uns im Tausch das fertige Produkt mitschickte. Die entstandenen Grill- und Kaminanz\u00fcnder wurden in der Schule zur Besichtigung ausgestellt und konnten s\u00e4ckeweise erworben werden.<\/p>\n<p><a href=\"httpss:\/\/www.muenzinghof.de\/produkte.aspx\">httpss:\/\/www.muenzinghof.de\/produkte.aspx<\/a><\/p>\n<p>Die zweite Aktion war die Errichtung eines gro\u00dfen Insektenhotels.<\/p>\n<p>Bei der regelm\u00e4\u00dfigen Kontrolle unserer Insekten-Nisthilfe im Pausenhof bemerkten die Kinder, dass sich sehr viele Ohrenh\u00f6hler in die noch freien Wohnr\u00f6hren eingenistet hatten. Da diese f\u00fcr die Wildbienen sein sollten, musste eine L\u00f6sung her: Wir m\u00fcssen erweitern! Um die Wildbienen-Vielfalt und ihre Lebensart auch f\u00fcr die Bev\u00f6lkerung und die Kindergarten Besucher zug\u00e4nglich und erfahrbar zu machen, soll ein gro\u00dfes Insektenhaus vor der Schule aufgestellt werden. Da ein im Internet entdecktes Modell viel zu teuer war, erkl\u00e4rte sich unser Schulleiter bereit, selbst eines zu zimmern. Das Abschleifen, Zusammenschrauben und Lasieren wurde dann in der Schule von Kindern (inzwischen war \u201eCoronazeit\u201c) der Notgruppe \u00fcbernommen. Anfang M\u00e4rz war in der Aula noch ein Terrarium mit Mauerbienen Kokons aufgestellt worden und die Freude war gro\u00df, als die ersten geschl\u00fcpft waren. Die zweite Klasse hatte f\u00fcr die beiden Vorschulgruppen im Kindergarten Gurkengl\u00e4ser mit Stoffabdeckung und Kokons vorbereitet. Dort wurde auch ein Bildervortrag zur Entwicklung der Roten Mauerbiene gehalten und gemeinsam lie\u00df man die geschl\u00fcpften Insekten bei einer Besichtigungstour an der alten Nisthilfe frei. Die Aufstellung des neuen Insektenhotels hatte sich verz\u00f6gert und dann kam die Schulschlie\u00dfung. Die AG Imkern und Umwelt bemalte Tont\u00f6pfe und bef\u00fcllte diese mit Stroh, um den Ohrenh\u00f6hlern auf dem Schulgel\u00e4nde eine Alternative anzubieten. W\u00e4hrend der Pandemie wurde \u00fcber ESIS wiederholt auf den LBV Familientipp hingewiesen und der Bau von Insektenhotels zuhause angeregt sowie zur Vogel- und Insektenz\u00e4hlung aufgerufen. R\u00fcckmeldungen gab es \u00fcber eingesandte Fotos. In der Notgruppe wurde eifrig an Dosennisthilfen gebastelt. Die AG Imkern und Umwelt traf sich Ende Juni in Kleingruppen um die neue Beute zu bemalen und mit dem Imker ein neues Bienenvolk einzusetzen. Die Aufstellung und Einweihung des neuen Insektenhotels wird bei n\u00e4chster Gelegenheit erfolgen.<\/p>\n<p>Leider konnte die offizielle Ehrung mit Urkunden\u00fcbergabe diesmal nicht pers\u00f6nlich durch den Umweltminister im Rahmen einer gro\u00dfen Feier stattfinden. Minister Glauber und Minister Piazolo w\u00fcrdigten allerdings in einer Videobotschaft das Engagement aller teilnehmenden Schulen.<\/p>\n<p><a href=\"httpss:\/\/www.umweltbildung.bayern.de\/aktiv\/umweltschulen\/pic\/umweltschule.mp4\">httpss:\/\/www.umweltbildung.bayern.de\/aktiv\/umweltschulen\/pic\/umweltschule.mp4<\/a><\/p>\n<p>B. Adam-Ponader<\/p>\n","protected":false},"excerpt":{"rendered":"<p>Wir sind wieder Umweltschule Corona kann das Engagement der Kinder nicht aufhalten Die Grundschule Reichenschwand nahm trotz durch Corona bedingter Einschr\u00e4nkungen auch im vergangenen Schuljahr 2019\/20 wieder an der Ausschreibung \u201eUmweltschule in Europa \/ Internationale Nachhaltigkeitsschule\u201c teil und darf den &hellip; <a href=\"https:\/\/grundschule-reichenschwand.de\/?page_id=1108\">Weiterlesen <span class=\"meta-nav\">&rarr;<\/span><\/a><\/p>\n","protected":false},"author":1,"featured_media":0,"parent":0,"menu_order":0,"comment_status":"closed","ping_status":"closed","template":"","meta":{"_mc_calendar":[],"footnotes":""},"class_list":["post-1108","page","type-page","status-publish","hentry"],"_links":{"self":[{"href":"https:\/\/grundschule-reichenschwand.de\/index.php?rest_route=\/wp\/v2\/pages\/1108","targetHints":{"allow":["GET"]}}],"collection":[{"href":"https:\/\/grundschule-reichenschwand.de\/index.php?rest_route=\/wp\/v2\/pages"}],"about":[{"href":"https:\/\/grundschule-reichenschwand.de\/index.php?rest_route=\/wp\/v2\/types\/page"}],"author":[{"embeddable":true,"href":"https:\/\/grundschule-reichenschwand.de\/index.php?rest_route=\/wp\/v2\/users\/1"}],"replies":[{"embeddable":true,"href":"https:\/\/grundschule-reichenschwand.de\/index.php?rest_route=%2Fwp%2Fv2%2Fcomments&post=1108"}],"version-history":[{"count":3,"href":"https:\/\/grundschule-reichenschwand.de\/index.php?rest_route=\/wp\/v2\/pages\/1108\/revisions"}],"predecessor-version":[{"id":1199,"href":"https:\/\/grundschule-reichenschwand.de\/index.php?rest_route=\/wp\/v2\/pages\/1108\/revisions\/1199"}],"wp:attachment":[{"href":"https:\/\/grundschule-reichenschwand.de\/index.php?rest_route=%2Fwp%2Fv2%2Fmedia&parent=1108"}],"curies":[{"name":"wp","href":"https:\/\/api.w.org\/{rel}","templated":true}]}}