{"id":1200,"date":"2021-04-14T09:43:00","date_gmt":"2021-04-14T09:43:00","guid":{"rendered":"http:\/\/grundschule-reichenschwand.de\/?page_id=1200"},"modified":"2021-04-14T10:05:28","modified_gmt":"2021-04-14T10:05:28","slug":"umweltaktionen-im-schuljahr-2020-21","status":"publish","type":"page","link":"https:\/\/grundschule-reichenschwand.de\/?page_id=1200","title":{"rendered":"Umweltaktionen im Schuljahr 2020\/ 21"},"content":{"rendered":"<p>Auch im Schuljahr 2020\/21 geht es trotz durch Corona erschwerter Bedingungen mit verschiedenen Umweltaktionen weiter.<\/p>\n<p><u>Apfel- und Birnenernte\/Apfelpresse:<\/u><\/p>\n<p>Anfang <strong>Oktober<\/strong> gingen alle Sch\u00fclerInnen der Grundschule mit ihren Lehrkr\u00e4ften und tatkr\u00e4ftiger Unterst\u00fctzung der Eltern zur <strong>Apfel- und Birnenernte<\/strong>. Aufgeteilt in verschiedene Gruppen mit viel Abstand und an unterschiedlichen Ernteorten (F\u00fcrschwald und Lustgarten) konnten wir dabei den Coronavorschriften gerecht werden.<\/p>\n<p>Die reiche Ernte wurde in der <strong>Mobilen Apfelpresse<\/strong>, die dieses Jahr wieder an die Schule kam und auch f\u00fcr angemeldete B\u00fcrger zur Verf\u00fcgung stand, zu k\u00f6stlichem Saft verarbeitet. Dieser konnte dann in der Schule in Flaschen oder als 5-Liter-Bag in Box erworben werden. Der Erl\u00f6s kommt \u00fcber den Elternbeirat den Kindern zugute.<\/p>\n<p><u>Titel \u201eUmweltschule\u201c:<\/u><\/p>\n<p>Wir d\u00fcrfen den <strong>Titel \u201eUmweltschule\u201c<\/strong> wieder f\u00fcr ein Jahr tragen.<\/p>\n<p>Verleihung von Fahne und Urkunde:<\/p>\n<p><img loading=\"lazy\" decoding=\"async\" class=\"alignnone size-medium wp-image-1221\" src=\"https:\/\/grundschule-reichenschwand.de\/wp-content\/uploads\/2021\/04\/GS_Reichenschwand-1-300x225.jpg\" alt=\"\" width=\"300\" height=\"225\" srcset=\"https:\/\/grundschule-reichenschwand.de\/wp-content\/uploads\/2021\/04\/GS_Reichenschwand-1-300x225.jpg 300w, https:\/\/grundschule-reichenschwand.de\/wp-content\/uploads\/2021\/04\/GS_Reichenschwand-1-768x576.jpg 768w, https:\/\/grundschule-reichenschwand.de\/wp-content\/uploads\/2021\/04\/GS_Reichenschwand-1-1024x768.jpg 1024w\" sizes=\"auto, (max-width: 300px) 100vw, 300px\" \/><\/p>\n<p>&nbsp;<\/p>\n<p><u>Insektenhotel aufstellen:<\/u><\/p>\n<p>In der Woche vor den Osterferien installierten die Gemeindearbeiter das neue <strong>Insektenhotel<\/strong> vor dem Schulhaus. An den geschlossenen Seiten befinden sich Informationstafeln, auf denen man Wissenswertes \u00fcber Insekten und Wildbienen sehen und nachlesen kann.<\/p>\n<p>Kinder aus der dritten Klasse verteilten die im Vorjahr gebastelten Nisthilfen im \u00fcberdachten \u201eHotel\u201c.<\/p>\n<p><img loading=\"lazy\" decoding=\"async\" class=\"alignnone size-medium wp-image-1214\" src=\"https:\/\/grundschule-reichenschwand.de\/wp-content\/uploads\/2021\/04\/IMG_5425-300x225.jpg\" alt=\"\" width=\"300\" height=\"225\" srcset=\"https:\/\/grundschule-reichenschwand.de\/wp-content\/uploads\/2021\/04\/IMG_5425-300x225.jpg 300w, https:\/\/grundschule-reichenschwand.de\/wp-content\/uploads\/2021\/04\/IMG_5425-768x576.jpg 768w, https:\/\/grundschule-reichenschwand.de\/wp-content\/uploads\/2021\/04\/IMG_5425-1024x768.jpg 1024w\" sizes=\"auto, (max-width: 300px) 100vw, 300px\" \/> <img loading=\"lazy\" decoding=\"async\" class=\"alignnone size-medium wp-image-1218\" src=\"https:\/\/grundschule-reichenschwand.de\/wp-content\/uploads\/2021\/04\/Nisthilfenbau-300x225.jpg\" alt=\"\" width=\"300\" height=\"225\" srcset=\"https:\/\/grundschule-reichenschwand.de\/wp-content\/uploads\/2021\/04\/Nisthilfenbau-300x225.jpg 300w, https:\/\/grundschule-reichenschwand.de\/wp-content\/uploads\/2021\/04\/Nisthilfenbau-768x576.jpg 768w, https:\/\/grundschule-reichenschwand.de\/wp-content\/uploads\/2021\/04\/Nisthilfenbau-1024x768.jpg 1024w, https:\/\/grundschule-reichenschwand.de\/wp-content\/uploads\/2021\/04\/Nisthilfenbau.jpg 1500w\" sizes=\"auto, (max-width: 300px) 100vw, 300px\" \/> <img loading=\"lazy\" decoding=\"async\" class=\"alignnone size-medium wp-image-1213\" src=\"https:\/\/grundschule-reichenschwand.de\/wp-content\/uploads\/2021\/04\/IMG_5409-300x225.jpg\" alt=\"\" width=\"300\" height=\"225\" srcset=\"https:\/\/grundschule-reichenschwand.de\/wp-content\/uploads\/2021\/04\/IMG_5409-300x225.jpg 300w, https:\/\/grundschule-reichenschwand.de\/wp-content\/uploads\/2021\/04\/IMG_5409-768x576.jpg 768w, https:\/\/grundschule-reichenschwand.de\/wp-content\/uploads\/2021\/04\/IMG_5409-1024x768.jpg 1024w\" sizes=\"auto, (max-width: 300px) 100vw, 300px\" \/><\/p>\n<p><u>Birnbaum pflanzen:<\/u><\/p>\n<p>Die Schule erhielt die Erlaubnis, auf dem Grundst\u00fcck der katholischen Kirche einen Birnbaum zu pflanzen. Die Kinder der ersten Klasse trafen sich mit ihrer Lehrerin Frau Adam-Ponader und dem Schulleiter Herrn Kuhr nach dem Wechselunterricht vor der Schule und transportierten den Baum und alle n\u00f6tigen Utensilien zur Kirche St. Jakobus. Herr Pfarrer Forster, eine Vertreterin des Kirchenvorstandes und einige Eltern nahmen ebenso an der Baumpflanzung teil. Abschlie\u00dfend bildeten die Kinder einen gro\u00dfen Kreis (seit Monaten wieder einmal als ganze Klasse vereint!) um die neu gepflanzte <strong>\u201ePastorenbirne\u201c<\/strong> (so der Sortenname) und Herr Pfarrer Forster w\u00fcnschte mit Segensworten und Weihwasser dem Baum gutes Gedeihen.<\/p>\n<p><img loading=\"lazy\" decoding=\"async\" class=\"size-medium wp-image-1226 alignnone\" src=\"https:\/\/grundschule-reichenschwand.de\/wp-content\/uploads\/2021\/04\/DSC01518-1-300x225.jpg\" alt=\"\" width=\"300\" height=\"225\" srcset=\"https:\/\/grundschule-reichenschwand.de\/wp-content\/uploads\/2021\/04\/DSC01518-1-300x225.jpg 300w, https:\/\/grundschule-reichenschwand.de\/wp-content\/uploads\/2021\/04\/DSC01518-1-768x576.jpg 768w, https:\/\/grundschule-reichenschwand.de\/wp-content\/uploads\/2021\/04\/DSC01518-1-1024x768.jpg 1024w\" sizes=\"auto, (max-width: 300px) 100vw, 300px\" \/><img loading=\"lazy\" decoding=\"async\" class=\"alignnone size-medium wp-image-1227\" src=\"https:\/\/grundschule-reichenschwand.de\/wp-content\/uploads\/2021\/04\/DSC01520-300x225.jpg\" alt=\"\" width=\"300\" height=\"225\" srcset=\"https:\/\/grundschule-reichenschwand.de\/wp-content\/uploads\/2021\/04\/DSC01520-300x225.jpg 300w, https:\/\/grundschule-reichenschwand.de\/wp-content\/uploads\/2021\/04\/DSC01520-768x576.jpg 768w, https:\/\/grundschule-reichenschwand.de\/wp-content\/uploads\/2021\/04\/DSC01520-1024x768.jpg 1024w\" sizes=\"auto, (max-width: 300px) 100vw, 300px\" \/><img loading=\"lazy\" decoding=\"async\" class=\"alignnone size-medium wp-image-1228\" src=\"https:\/\/grundschule-reichenschwand.de\/wp-content\/uploads\/2021\/04\/DSC01525-300x225.jpg\" alt=\"\" width=\"300\" height=\"225\" srcset=\"https:\/\/grundschule-reichenschwand.de\/wp-content\/uploads\/2021\/04\/DSC01525-300x225.jpg 300w, https:\/\/grundschule-reichenschwand.de\/wp-content\/uploads\/2021\/04\/DSC01525-768x576.jpg 768w, https:\/\/grundschule-reichenschwand.de\/wp-content\/uploads\/2021\/04\/DSC01525-1024x768.jpg 1024w\" sizes=\"auto, (max-width: 300px) 100vw, 300px\" \/><img loading=\"lazy\" decoding=\"async\" class=\"alignnone size-medium wp-image-1229\" src=\"https:\/\/grundschule-reichenschwand.de\/wp-content\/uploads\/2021\/04\/DSC01530-300x225.jpg\" alt=\"\" width=\"300\" height=\"225\" srcset=\"https:\/\/grundschule-reichenschwand.de\/wp-content\/uploads\/2021\/04\/DSC01530-300x225.jpg 300w, https:\/\/grundschule-reichenschwand.de\/wp-content\/uploads\/2021\/04\/DSC01530-768x576.jpg 768w, https:\/\/grundschule-reichenschwand.de\/wp-content\/uploads\/2021\/04\/DSC01530-1024x768.jpg 1024w\" sizes=\"auto, (max-width: 300px) 100vw, 300px\" \/><img loading=\"lazy\" decoding=\"async\" class=\"alignnone size-medium wp-image-1230\" src=\"https:\/\/grundschule-reichenschwand.de\/wp-content\/uploads\/2021\/04\/DSC01536-300x225.jpg\" alt=\"\" width=\"300\" height=\"225\" srcset=\"https:\/\/grundschule-reichenschwand.de\/wp-content\/uploads\/2021\/04\/DSC01536-300x225.jpg 300w, https:\/\/grundschule-reichenschwand.de\/wp-content\/uploads\/2021\/04\/DSC01536-768x576.jpg 768w, https:\/\/grundschule-reichenschwand.de\/wp-content\/uploads\/2021\/04\/DSC01536-1024x768.jpg 1024w\" sizes=\"auto, (max-width: 300px) 100vw, 300px\" \/><img loading=\"lazy\" decoding=\"async\" class=\"alignnone size-medium wp-image-1231\" src=\"https:\/\/grundschule-reichenschwand.de\/wp-content\/uploads\/2021\/04\/DSC01545-300x225.jpg\" alt=\"\" width=\"300\" height=\"225\" srcset=\"https:\/\/grundschule-reichenschwand.de\/wp-content\/uploads\/2021\/04\/DSC01545-300x225.jpg 300w, https:\/\/grundschule-reichenschwand.de\/wp-content\/uploads\/2021\/04\/DSC01545-768x576.jpg 768w, https:\/\/grundschule-reichenschwand.de\/wp-content\/uploads\/2021\/04\/DSC01545-1024x768.jpg 1024w\" sizes=\"auto, (max-width: 300px) 100vw, 300px\" \/><img loading=\"lazy\" decoding=\"async\" class=\"alignnone size-medium wp-image-1232\" src=\"https:\/\/grundschule-reichenschwand.de\/wp-content\/uploads\/2021\/04\/DSC01564-300x225.jpg\" alt=\"\" width=\"300\" height=\"225\" srcset=\"https:\/\/grundschule-reichenschwand.de\/wp-content\/uploads\/2021\/04\/DSC01564-300x225.jpg 300w, https:\/\/grundschule-reichenschwand.de\/wp-content\/uploads\/2021\/04\/DSC01564-768x576.jpg 768w, https:\/\/grundschule-reichenschwand.de\/wp-content\/uploads\/2021\/04\/DSC01564-1024x768.jpg 1024w\" sizes=\"auto, (max-width: 300px) 100vw, 300px\" \/><img loading=\"lazy\" decoding=\"async\" class=\"alignnone size-medium wp-image-1233\" src=\"https:\/\/grundschule-reichenschwand.de\/wp-content\/uploads\/2021\/04\/DSC01576-300x225.jpg\" alt=\"\" width=\"300\" height=\"225\" srcset=\"https:\/\/grundschule-reichenschwand.de\/wp-content\/uploads\/2021\/04\/DSC01576-300x225.jpg 300w, https:\/\/grundschule-reichenschwand.de\/wp-content\/uploads\/2021\/04\/DSC01576-768x576.jpg 768w, https:\/\/grundschule-reichenschwand.de\/wp-content\/uploads\/2021\/04\/DSC01576-1024x768.jpg 1024w\" sizes=\"auto, (max-width: 300px) 100vw, 300px\" \/><img loading=\"lazy\" decoding=\"async\" class=\"alignnone size-medium wp-image-1234\" src=\"https:\/\/grundschule-reichenschwand.de\/wp-content\/uploads\/2021\/04\/DSC01584-300x225.jpg\" alt=\"\" width=\"300\" height=\"225\" srcset=\"https:\/\/grundschule-reichenschwand.de\/wp-content\/uploads\/2021\/04\/DSC01584-300x225.jpg 300w, https:\/\/grundschule-reichenschwand.de\/wp-content\/uploads\/2021\/04\/DSC01584-768x576.jpg 768w, https:\/\/grundschule-reichenschwand.de\/wp-content\/uploads\/2021\/04\/DSC01584-1024x768.jpg 1024w\" sizes=\"auto, (max-width: 300px) 100vw, 300px\" \/><img loading=\"lazy\" decoding=\"async\" class=\"alignnone size-medium wp-image-1235\" src=\"https:\/\/grundschule-reichenschwand.de\/wp-content\/uploads\/2021\/04\/DSC01590-300x225.jpg\" alt=\"\" width=\"300\" height=\"225\" srcset=\"https:\/\/grundschule-reichenschwand.de\/wp-content\/uploads\/2021\/04\/DSC01590-300x225.jpg 300w, https:\/\/grundschule-reichenschwand.de\/wp-content\/uploads\/2021\/04\/DSC01590-768x576.jpg 768w, https:\/\/grundschule-reichenschwand.de\/wp-content\/uploads\/2021\/04\/DSC01590-1024x768.jpg 1024w\" sizes=\"auto, (max-width: 300px) 100vw, 300px\" \/><img loading=\"lazy\" decoding=\"async\" class=\"alignnone size-medium wp-image-1236\" src=\"https:\/\/grundschule-reichenschwand.de\/wp-content\/uploads\/2021\/04\/DSC01596-300x225.jpg\" alt=\"\" width=\"300\" height=\"225\" srcset=\"https:\/\/grundschule-reichenschwand.de\/wp-content\/uploads\/2021\/04\/DSC01596-300x225.jpg 300w, https:\/\/grundschule-reichenschwand.de\/wp-content\/uploads\/2021\/04\/DSC01596-768x576.jpg 768w, https:\/\/grundschule-reichenschwand.de\/wp-content\/uploads\/2021\/04\/DSC01596-1024x768.jpg 1024w\" sizes=\"auto, (max-width: 300px) 100vw, 300px\" \/><img loading=\"lazy\" decoding=\"async\" class=\"alignnone size-medium wp-image-1225\" src=\"https:\/\/grundschule-reichenschwand.de\/wp-content\/uploads\/2021\/04\/DSC01603-300x225.jpg\" alt=\"\" width=\"300\" height=\"225\" srcset=\"https:\/\/grundschule-reichenschwand.de\/wp-content\/uploads\/2021\/04\/DSC01603-300x225.jpg 300w, https:\/\/grundschule-reichenschwand.de\/wp-content\/uploads\/2021\/04\/DSC01603-768x576.jpg 768w, https:\/\/grundschule-reichenschwand.de\/wp-content\/uploads\/2021\/04\/DSC01603-1024x768.jpg 1024w\" sizes=\"auto, (max-width: 300px) 100vw, 300px\" \/><\/p>\n<p><u>Imkerbesuch 1. Klasse:<\/u><\/p>\n<p>In der <strong>Woche vor den Osterferien<\/strong> besuchten die Kinder der ersten Klasse in Kleingruppe an zwei Tagen die <strong>schuleigenen Bienenv\u00f6lker<\/strong>. Nach einer Einf\u00fchrung mit Hilfe eines Bilderbuches, Befragung und Wissensaustausch mit dem Imker, durfte jeder in passender Schutzkleidung an die Beuten herantreten. Der Imker Herr Scharrer zog einzelne Waben und zeigte den Kindern Brut- und Honigzellen. Sogar die K\u00f6nigin wurde entdeckt und musste in dem j\u00fcngeren Bienenstock noch blau gekennzeichnet werden.<\/p>\n<p><img loading=\"lazy\" decoding=\"async\" class=\"alignnone size-medium wp-image-1216\" src=\"https:\/\/grundschule-reichenschwand.de\/wp-content\/uploads\/2021\/04\/IMG_5454-300x300.jpg\" alt=\"\" width=\"300\" height=\"300\" srcset=\"https:\/\/grundschule-reichenschwand.de\/wp-content\/uploads\/2021\/04\/IMG_5454-300x300.jpg 300w, https:\/\/grundschule-reichenschwand.de\/wp-content\/uploads\/2021\/04\/IMG_5454-150x150.jpg 150w, https:\/\/grundschule-reichenschwand.de\/wp-content\/uploads\/2021\/04\/IMG_5454-768x768.jpg 768w, https:\/\/grundschule-reichenschwand.de\/wp-content\/uploads\/2021\/04\/IMG_5454-1024x1024.jpg 1024w\" sizes=\"auto, (max-width: 300px) 100vw, 300px\" \/> <img loading=\"lazy\" decoding=\"async\" class=\"alignnone size-medium wp-image-1207\" src=\"https:\/\/grundschule-reichenschwand.de\/wp-content\/uploads\/2021\/04\/das-neue-Volk-ist-eingezogen-300x225.jpg\" alt=\"\" width=\"300\" height=\"225\" srcset=\"https:\/\/grundschule-reichenschwand.de\/wp-content\/uploads\/2021\/04\/das-neue-Volk-ist-eingezogen-300x225.jpg 300w, https:\/\/grundschule-reichenschwand.de\/wp-content\/uploads\/2021\/04\/das-neue-Volk-ist-eingezogen-768x576.jpg 768w, https:\/\/grundschule-reichenschwand.de\/wp-content\/uploads\/2021\/04\/das-neue-Volk-ist-eingezogen-1024x768.jpg 1024w, https:\/\/grundschule-reichenschwand.de\/wp-content\/uploads\/2021\/04\/das-neue-Volk-ist-eingezogen.jpg 1500w\" sizes=\"auto, (max-width: 300px) 100vw, 300px\" \/> <img loading=\"lazy\" decoding=\"async\" class=\"alignnone size-medium wp-image-1212\" src=\"https:\/\/grundschule-reichenschwand.de\/wp-content\/uploads\/2021\/04\/Freilassen-der-geschl\u00fcpften-Wildbienen-225x300.jpg\" alt=\"\" width=\"225\" height=\"300\" srcset=\"https:\/\/grundschule-reichenschwand.de\/wp-content\/uploads\/2021\/04\/Freilassen-der-geschl\u00fcpften-Wildbienen-225x300.jpg 225w, https:\/\/grundschule-reichenschwand.de\/wp-content\/uploads\/2021\/04\/Freilassen-der-geschl\u00fcpften-Wildbienen-768x1024.jpg 768w, https:\/\/grundschule-reichenschwand.de\/wp-content\/uploads\/2021\/04\/Freilassen-der-geschl\u00fcpften-Wildbienen-576x768.jpg 576w, https:\/\/grundschule-reichenschwand.de\/wp-content\/uploads\/2021\/04\/Freilassen-der-geschl\u00fcpften-Wildbienen.jpg 1500w\" sizes=\"auto, (max-width: 225px) 100vw, 225px\" \/> <img loading=\"lazy\" decoding=\"async\" class=\"alignnone size-medium wp-image-1206\" src=\"https:\/\/grundschule-reichenschwand.de\/wp-content\/uploads\/2021\/04\/Bienenbrettchen-4-20-von-vorne-300x225.jpg\" alt=\"\" width=\"300\" height=\"225\" srcset=\"https:\/\/grundschule-reichenschwand.de\/wp-content\/uploads\/2021\/04\/Bienenbrettchen-4-20-von-vorne-300x225.jpg 300w, https:\/\/grundschule-reichenschwand.de\/wp-content\/uploads\/2021\/04\/Bienenbrettchen-4-20-von-vorne.jpg 640w\" sizes=\"auto, (max-width: 300px) 100vw, 300px\" \/> <img loading=\"lazy\" decoding=\"async\" class=\"alignnone size-medium wp-image-1205\" src=\"https:\/\/grundschule-reichenschwand.de\/wp-content\/uploads\/2021\/04\/Bienenbrettchen-4-20-mit-Larve-1-300x225.jpg\" alt=\"\" width=\"300\" height=\"225\" srcset=\"https:\/\/grundschule-reichenschwand.de\/wp-content\/uploads\/2021\/04\/Bienenbrettchen-4-20-mit-Larve-1-300x225.jpg 300w, https:\/\/grundschule-reichenschwand.de\/wp-content\/uploads\/2021\/04\/Bienenbrettchen-4-20-mit-Larve-1.jpg 640w\" sizes=\"auto, (max-width: 300px) 100vw, 300px\" \/><\/p>\n","protected":false},"excerpt":{"rendered":"<p>Auch im Schuljahr 2020\/21 geht es trotz durch Corona erschwerter Bedingungen mit verschiedenen Umweltaktionen weiter. Apfel- und Birnenernte\/Apfelpresse: Anfang Oktober gingen alle Sch\u00fclerInnen der Grundschule mit ihren Lehrkr\u00e4ften und tatkr\u00e4ftiger Unterst\u00fctzung der Eltern zur Apfel- und Birnenernte. Aufgeteilt in verschiedene &hellip; <a href=\"https:\/\/grundschule-reichenschwand.de\/?page_id=1200\">Weiterlesen <span class=\"meta-nav\">&rarr;<\/span><\/a><\/p>\n","protected":false},"author":1,"featured_media":0,"parent":0,"menu_order":0,"comment_status":"closed","ping_status":"closed","template":"","meta":{"_mc_calendar":[],"footnotes":""},"class_list":["post-1200","page","type-page","status-publish","hentry"],"_links":{"self":[{"href":"https:\/\/grundschule-reichenschwand.de\/index.php?rest_route=\/wp\/v2\/pages\/1200","targetHints":{"allow":["GET"]}}],"collection":[{"href":"https:\/\/grundschule-reichenschwand.de\/index.php?rest_route=\/wp\/v2\/pages"}],"about":[{"href":"https:\/\/grundschule-reichenschwand.de\/index.php?rest_route=\/wp\/v2\/types\/page"}],"author":[{"embeddable":true,"href":"https:\/\/grundschule-reichenschwand.de\/index.php?rest_route=\/wp\/v2\/users\/1"}],"replies":[{"embeddable":true,"href":"https:\/\/grundschule-reichenschwand.de\/index.php?rest_route=%2Fwp%2Fv2%2Fcomments&post=1200"}],"version-history":[{"count":6,"href":"https:\/\/grundschule-reichenschwand.de\/index.php?rest_route=\/wp\/v2\/pages\/1200\/revisions"}],"predecessor-version":[{"id":1238,"href":"https:\/\/grundschule-reichenschwand.de\/index.php?rest_route=\/wp\/v2\/pages\/1200\/revisions\/1238"}],"wp:attachment":[{"href":"https:\/\/grundschule-reichenschwand.de\/index.php?rest_route=%2Fwp%2Fv2%2Fmedia&parent=1200"}],"curies":[{"name":"wp","href":"https:\/\/api.w.org\/{rel}","templated":true}]}}