{"id":331,"date":"2018-12-07T07:09:44","date_gmt":"2018-12-07T07:09:44","guid":{"rendered":"http:\/\/grundschule-reichenschwand.de\/?page_id=331"},"modified":"2018-12-07T07:33:53","modified_gmt":"2018-12-07T07:33:53","slug":"wer-wir-sind","status":"publish","type":"page","link":"https:\/\/grundschule-reichenschwand.de\/?page_id=331","title":{"rendered":"Wer wir sind."},"content":{"rendered":"<p>Der Verein wurde im Jahr 2011 aus den Reihen des Elternbeirates der Grundschule ge\u00adgr\u00fcndet. Er tritt nicht an Stelle des Elternbeirates, sondern neben diesen. W\u00e4hrend der Elternbei\u00adrat zwangsl\u00e4ufigen Wechseln unterliegt und nur Eltern mit Kindern offen\u00adsteht, die derzeit die Grundschule besuchen, ist der F\u00f6rderverein f\u00fcr alle offen.<\/p>\n<p><strong>Was wir wollen.<\/strong><\/p>\n<p>Unser Anliegen ist es, ein Zeichen f\u00fcr die Bedeutung unserer Grundschule zu setzen. Kurze Schulwege f\u00fcr die Kinder, ein bereits aus der Kindergartenzeit vertrautes Ge\u00adb\u00e4ude, Schnupperunterricht f\u00fcr Vorschulkinder und ein unbeschwerter Wechsel in das \u201eGeb\u00e4ude nebenan\u201c zum Schul\u00adbeginn sind f\u00fcr die Kinder von unsch\u00e4tzbarem Wert.<\/p>\n<p>Die Grundschule vor Ort ist auch ein Standortvorteil f\u00fcr unsere Gemeinde, da sie diese f\u00fcr Familien mit Kindern attraktiver macht. Dies im Bewusstsein der B\u00fcrgerinnen und B\u00fcrger zu verankern, und diesen eine M\u00f6glichkeit zu geben, sich f\u00fcr die Schule zu en\u00adgagieren, ist ein weiteres Anliegen des F\u00f6rdervereins.<\/p>\n<p>Der F\u00f6rderverein m\u00f6chte die Grundschule nat\u00fcrlich auch finanziell unter\u00adst\u00fctzen. So \u00fcbernimmt der Verein z.B. die Kosten f\u00fcr besondere Projekte und Veranstaltungen, die den Unterricht erg\u00e4nzen. Auch werden durch den Verein etwas zus\u00e4tzliche Lernmittel in Gestalt von Lernheften, B\u00fcchern oder sonstigen Materialien angeschafft, um den Sch\u00fclerinnen und Sch\u00fclern vertiefende M\u00f6glichkeiten zum Lernen zur Verf\u00fcgung zu stellen.<\/p>\n<p><strong>Wie wir das erreichen.<\/strong><\/p>\n<p>Die Finanzierung der T\u00e4tigkeit wird \u00fcber Mitgliedsbeitr\u00e4ge und Spenden erfolgen. Der aktuelle Jahresbeitrag ist auf 24,00 \u20ac festgesetzt. Mitgliedsbeitr\u00e4ge und Spenden wer\u00adden zu 100% f\u00fcr die satzungsgem\u00e4\u00dfen Zwecke des gemeinn\u00fctzigen Vereins eingesetzt.<\/p>\n<p>Eine Mitgliedschaft ist f\u00fcr den Verein wichtig, weil sie zeigt, dass die Mitglieder die Bedeutung der Grundschule kennen und diese unterst\u00fctzen. Je mehr Mitglieder, umso gr\u00f6\u00dfer die Au\u00dfen\u00adwirkung. Die Mitgliedschaft steht Privatpersonen und Firmen offen.<\/p>\n<p><strong>Interesse geweckt?<\/strong><\/p>\n<p>Wenn auch Sie sich f\u00fcr die Grundschule Reichenschwand engagieren wollen, werden Sie doch einfach Mitglied in unserem Verein oder unterst\u00fctzen Sie uns mit einer Spende. Sie finden <a href=\"https:\/\/grundschule-reichenschwand.de\/wp-content\/uploads\/2018\/12\/Mitgliedsantrag-F\u00f6rderverein.pdf\">hier den Mitgliedsantrag<\/a>, <a href=\"https:\/\/grundschule-reichenschwand.de\/wp-content\/uploads\/2018\/12\/Satzung-FV-GS-RS-20110608.pdf\">hier unsere Satzung<\/a> und <a href=\"https:\/\/grundschule-reichenschwand.de\/wp-content\/uploads\/2018\/12\/Datenschutzerkl\u00e4rung.pdf\">hier unsere Datenschutzerkl\u00e4rung<\/a>.<\/p>\n","protected":false},"excerpt":{"rendered":"<p>Der Verein wurde im Jahr 2011 aus den Reihen des Elternbeirates der Grundschule ge\u00adgr\u00fcndet. Er tritt nicht an Stelle des Elternbeirates, sondern neben diesen. W\u00e4hrend der Elternbei\u00adrat zwangsl\u00e4ufigen Wechseln unterliegt und nur Eltern mit Kindern offen\u00adsteht, die derzeit die Grundschule &hellip; <a href=\"https:\/\/grundschule-reichenschwand.de\/?page_id=331\">Weiterlesen <span class=\"meta-nav\">&rarr;<\/span><\/a><\/p>\n","protected":false},"author":1,"featured_media":0,"parent":0,"menu_order":0,"comment_status":"closed","ping_status":"closed","template":"","meta":{"_mc_calendar":[],"footnotes":""},"class_list":["post-331","page","type-page","status-publish","hentry"],"_links":{"self":[{"href":"https:\/\/grundschule-reichenschwand.de\/index.php?rest_route=\/wp\/v2\/pages\/331","targetHints":{"allow":["GET"]}}],"collection":[{"href":"https:\/\/grundschule-reichenschwand.de\/index.php?rest_route=\/wp\/v2\/pages"}],"about":[{"href":"https:\/\/grundschule-reichenschwand.de\/index.php?rest_route=\/wp\/v2\/types\/page"}],"author":[{"embeddable":true,"href":"https:\/\/grundschule-reichenschwand.de\/index.php?rest_route=\/wp\/v2\/users\/1"}],"replies":[{"embeddable":true,"href":"https:\/\/grundschule-reichenschwand.de\/index.php?rest_route=%2Fwp%2Fv2%2Fcomments&post=331"}],"version-history":[{"count":6,"href":"https:\/\/grundschule-reichenschwand.de\/index.php?rest_route=\/wp\/v2\/pages\/331\/revisions"}],"predecessor-version":[{"id":353,"href":"https:\/\/grundschule-reichenschwand.de\/index.php?rest_route=\/wp\/v2\/pages\/331\/revisions\/353"}],"wp:attachment":[{"href":"https:\/\/grundschule-reichenschwand.de\/index.php?rest_route=%2Fwp%2Fv2%2Fmedia&parent=331"}],"curies":[{"name":"wp","href":"https:\/\/api.w.org\/{rel}","templated":true}]}}