{"id":333,"date":"2018-12-07T07:10:46","date_gmt":"2018-12-07T07:10:46","guid":{"rendered":"http:\/\/grundschule-reichenschwand.de\/?page_id=333"},"modified":"2024-02-18T15:51:47","modified_gmt":"2024-02-18T15:51:47","slug":"der-verein","status":"publish","type":"page","link":"https:\/\/grundschule-reichenschwand.de\/?page_id=333","title":{"rendered":"Vorstand, Sitz, Vereinsregister, Steuernummer und Bankverbindung"},"content":{"rendered":"<p>Der Vorstand besteht aus:<\/p>\n<ul>\n<li>Holger K\u00f6rner (erster Vorsitzender)<\/li>\n<li>Sebastian Zemczak (zweiter Vorsitzender)<\/li>\n<li>Thorsten Regler (Schatzmeister)<\/li>\n<li>Kerstin Schrauf (Schriftf\u00fchrerin)<\/li>\n<\/ul>\n<p>Der Verein hat seinen Sitz in 91244 Reichenschwand.<\/p>\n<p>Er ist eingetragen im Vereinsregister N\u00fcrnberg unter VR 201084.<\/p>\n<p>Beim Zentralfinanzamt N\u00fcrnberg wird er unter der Steuernummer 241\/111\/41920 gef\u00fchrt. Der Verein ist als gemeinn\u00fctzig anerkannt.<\/p>\n<p>Die Bankverbindungen des Vereins lauten:<\/p>\n<p>Sparkasse N\u00fcrnberg<br \/>\nIBAN: DE68 7605 0101 0011 2256 87\u00a0\u00a0\u00a0\u00a0 BIC: SSKNDE77XXX<\/p>\n<p>Raiffeisenbank Hersbruck eG<br \/>\nIBAN: DE60 7606 1482 0000 8877 49 \u00a0\u00a0\u00a0 BIC: GENODEF1HSB<\/p>\n","protected":false},"excerpt":{"rendered":"<p>Der Vorstand besteht aus: Holger K\u00f6rner (erster Vorsitzender) Sebastian Zemczak (zweiter Vorsitzender) Thorsten Regler (Schatzmeister) Kerstin Schrauf (Schriftf\u00fchrerin) Der Verein hat seinen Sitz in 91244 Reichenschwand. Er ist eingetragen im Vereinsregister N\u00fcrnberg unter VR 201084. Beim Zentralfinanzamt N\u00fcrnberg wird er &hellip; <a href=\"https:\/\/grundschule-reichenschwand.de\/?page_id=333\">Weiterlesen <span class=\"meta-nav\">&rarr;<\/span><\/a><\/p>\n","protected":false},"author":1,"featured_media":0,"parent":0,"menu_order":0,"comment_status":"closed","ping_status":"closed","template":"","meta":{"_mc_calendar":[],"footnotes":""},"class_list":["post-333","page","type-page","status-publish","hentry"],"_links":{"self":[{"href":"https:\/\/grundschule-reichenschwand.de\/index.php?rest_route=\/wp\/v2\/pages\/333","targetHints":{"allow":["GET"]}}],"collection":[{"href":"https:\/\/grundschule-reichenschwand.de\/index.php?rest_route=\/wp\/v2\/pages"}],"about":[{"href":"https:\/\/grundschule-reichenschwand.de\/index.php?rest_route=\/wp\/v2\/types\/page"}],"author":[{"embeddable":true,"href":"https:\/\/grundschule-reichenschwand.de\/index.php?rest_route=\/wp\/v2\/users\/1"}],"replies":[{"embeddable":true,"href":"https:\/\/grundschule-reichenschwand.de\/index.php?rest_route=%2Fwp%2Fv2%2Fcomments&post=333"}],"version-history":[{"count":3,"href":"https:\/\/grundschule-reichenschwand.de\/index.php?rest_route=\/wp\/v2\/pages\/333\/revisions"}],"predecessor-version":[{"id":2731,"href":"https:\/\/grundschule-reichenschwand.de\/index.php?rest_route=\/wp\/v2\/pages\/333\/revisions\/2731"}],"wp:attachment":[{"href":"https:\/\/grundschule-reichenschwand.de\/index.php?rest_route=%2Fwp%2Fv2%2Fmedia&parent=333"}],"curies":[{"name":"wp","href":"https:\/\/api.w.org\/{rel}","templated":true}]}}