{"id":36,"date":"2018-09-27T18:09:36","date_gmt":"2018-09-27T18:09:36","guid":{"rendered":"http:\/\/grundschule-reichenschwand.de\/?page_id=36"},"modified":"2024-02-01T15:57:29","modified_gmt":"2024-02-01T15:57:29","slug":"foerderverein","status":"publish","type":"page","link":"https:\/\/grundschule-reichenschwand.de\/?page_id=36","title":{"rendered":"F\u00f6rderverein"},"content":{"rendered":"<p>Der F\u00f6rderverein der GS Reichenschwand wird unsere Sch\u00fclerinnen und Sch\u00fcler auch in diesem Schuljahr wie in den Vorjahren \u2013 in Abstimmung mit dem Elternbeirat und dem Kollegium \u2013 unterst\u00fctzen. Aktuell wurden Rollerst\u00e4nder angeschafft. Zum Schuljahresende hin wird auch wieder ein Gewaltpr\u00e4ventionskurs f\u00fcr alle Klassen angeboten werden.<\/p>\n<p>Die F\u00f6rderung weiterer Projekte &#8211; Anschaffung von Lernmaterialien, Unterst\u00fctzung von Ausfl\u00fcgen sowie der Projektwoche &#8211; wird auch im laufenden Schuljahr im Rahmen der M\u00f6glichkeiten des Vereins erfolgen.<\/p>\n<p>Im Namen unserer Sch\u00fclerinnen und Sch\u00fcler sagen wir herzlichen Dank und laden Sie gerne ein, dem F\u00f6rderverein beizutreten. Einen Mitgliedsantrag finden Sie beiliegend; da der F\u00f6rderverein als gemeinn\u00fctziger Verein anerkannt ist, k\u00f6nnen Sie Ihren Mitgliedsbeitrag &#8211; ebenso wie Einzelspenden, f\u00fcr die wir Ihnen gerne auch eine Spendenquittung zukommen lassen &#8211; steuerlich geltend machen.<\/p>\n<p>F\u00fcr Fragen zum F\u00f6rderverein steht Ihnen der 1. Vorsitzende Holger K\u00f6rner gerne zur Verf\u00fcgung: \u00a0 \u00a0 \u00a0 \u00a0 \u00a0 \u00a0 \u00a0 <a href=\"mailto:foerderverein@gs-reichenschwand.de\">foerderverein@gs-reichenschwand.de<\/a>).<\/p>\n","protected":false},"excerpt":{"rendered":"<p>Der F\u00f6rderverein der GS Reichenschwand wird unsere Sch\u00fclerinnen und Sch\u00fcler auch in diesem Schuljahr wie in den Vorjahren \u2013 in Abstimmung mit dem Elternbeirat und dem Kollegium \u2013 unterst\u00fctzen. Aktuell wurden Rollerst\u00e4nder angeschafft. Zum Schuljahresende hin wird auch wieder ein &hellip; <a href=\"https:\/\/grundschule-reichenschwand.de\/?page_id=36\">Weiterlesen <span class=\"meta-nav\">&rarr;<\/span><\/a><\/p>\n","protected":false},"author":1,"featured_media":0,"parent":0,"menu_order":0,"comment_status":"closed","ping_status":"closed","template":"onecolumn-page.php","meta":{"_mc_calendar":[],"footnotes":""},"class_list":["post-36","page","type-page","status-publish","hentry"],"_links":{"self":[{"href":"https:\/\/grundschule-reichenschwand.de\/index.php?rest_route=\/wp\/v2\/pages\/36","targetHints":{"allow":["GET"]}}],"collection":[{"href":"https:\/\/grundschule-reichenschwand.de\/index.php?rest_route=\/wp\/v2\/pages"}],"about":[{"href":"https:\/\/grundschule-reichenschwand.de\/index.php?rest_route=\/wp\/v2\/types\/page"}],"author":[{"embeddable":true,"href":"https:\/\/grundschule-reichenschwand.de\/index.php?rest_route=\/wp\/v2\/users\/1"}],"replies":[{"embeddable":true,"href":"https:\/\/grundschule-reichenschwand.de\/index.php?rest_route=%2Fwp%2Fv2%2Fcomments&post=36"}],"version-history":[{"count":3,"href":"https:\/\/grundschule-reichenschwand.de\/index.php?rest_route=\/wp\/v2\/pages\/36\/revisions"}],"predecessor-version":[{"id":1463,"href":"https:\/\/grundschule-reichenschwand.de\/index.php?rest_route=\/wp\/v2\/pages\/36\/revisions\/1463"}],"wp:attachment":[{"href":"https:\/\/grundschule-reichenschwand.de\/index.php?rest_route=%2Fwp%2Fv2%2Fmedia&parent=36"}],"curies":[{"name":"wp","href":"https:\/\/api.w.org\/{rel}","templated":true}]}}